{"id":6259,"date":"2025-07-04T21:31:34","date_gmt":"2025-07-04T21:31:34","guid":{"rendered":"https:\/\/mutietiket.com\/?page_id=6259"},"modified":"2025-07-13T13:46:15","modified_gmt":"2025-07-13T13:46:15","slug":"hakkimizda","status":"publish","type":"page","link":"https:\/\/mutietiket.com\/en\/hakkimizda\/","title":{"rendered":"About Us"},"content":{"rendered":"<div data-elementor-type=\"wp-page\" data-elementor-id=\"6259\" class=\"elementor elementor-6259\" data-elementor-post-type=\"page\">\n\t\t\t\t<div class=\"elementor-element elementor-element-66c4e08 e-con-full e-flex e-con e-parent\" data-id=\"66c4e08\" data-element_type=\"container\" data-e-type=\"container\" data-settings=\"{&quot;background_background&quot;:&quot;classic&quot;}\">\n\t\t\t\t<div class=\"elementor-element elementor-element-e3f63be elementor-widget elementor-widget-heading\" data-id=\"e3f63be\" data-element_type=\"widget\" data-e-type=\"widget\" data-widget_type=\"heading.default\">\n\t\t\t\t<div class=\"elementor-widget-container\">\n\t\t\t\t\t<h3 class=\"elementor-heading-title elementor-size-default\">About Us<\/h3>\t\t\t\t<\/div>\n\t\t\t\t<\/div>\n\t\t\t\t<\/div>\n\t\t<div class=\"elementor-element elementor-element-63ff288e e-flex e-con-boxed e-con e-parent\" data-id=\"63ff288e\" data-element_type=\"container\" data-e-type=\"container\" data-settings=\"{&quot;background_background&quot;:&quot;classic&quot;}\">\n\t\t\t\t\t<div class=\"e-con-inner\">\n\t\t<div class=\"elementor-element elementor-element-4803ef1d e-con-full e-flex elementor-invisible e-con e-child\" data-id=\"4803ef1d\" data-element_type=\"container\" data-e-type=\"container\" data-settings=\"{&quot;animation&quot;:&quot;fadeInRight&quot;}\">\n\t\t\t\t<div class=\"elementor-element elementor-element-5e444276 elementor-widget__width-initial elementor-widget-mobile__width-initial elementor-widget elementor-widget-image\" data-id=\"5e444276\" data-element_type=\"widget\" data-e-type=\"widget\" data-widget_type=\"image.default\">\n\t\t\t\t<div class=\"elementor-widget-container\">\n\t\t\t\t\t\t\t\t\t\t\t\t\t\t\t<img fetchpriority=\"high\" decoding=\"async\" width=\"450\" height=\"550\" src=\"https:\/\/mutietiket.com\/wp-content\/uploads\/2025\/07\/Muti-Etiket-Hakkimizda.png\" class=\"attachment-full size-full wp-image-7415\" alt=\"\" srcset=\"https:\/\/mutietiket.com\/wp-content\/uploads\/2025\/07\/Muti-Etiket-Hakkimizda.png 450w, https:\/\/mutietiket.com\/wp-content\/uploads\/2025\/07\/Muti-Etiket-Hakkimizda-245x300.png 245w\" sizes=\"(max-width: 450px) 100vw, 450px\" \/>\t\t\t\t\t\t\t\t\t\t\t\t\t\t\t<\/div>\n\t\t\t\t<\/div>\n\t\t\t\t<\/div>\n\t\t<div class=\"elementor-element elementor-element-2e3b1869 e-con-full e-flex elementor-invisible e-con e-child\" data-id=\"2e3b1869\" data-element_type=\"container\" data-e-type=\"container\" data-settings=\"{&quot;animation&quot;:&quot;fadeInLeft&quot;}\">\n\t\t\t\t<div class=\"elementor-element elementor-element-431d70c8 elementor-widget elementor-widget-convis-section-title\" data-id=\"431d70c8\" data-element_type=\"widget\" data-e-type=\"widget\" data-widget_type=\"convis-section-title.default\">\n\t\t\t\t<div class=\"elementor-widget-container\">\n\t\t\t\t\t        <div class=\"convis-section-title\">\r\n                            <div class=\"subtitle\">\r\n                                            <span class=\"line\"><\/span>\r\n                    \r\n                    <span class=\"subtitle-text\">\r\n                        About Us                    <\/span>\r\n                <\/div>\r\n            \t\t                    <h3 class=\"title\">\r\n                                            <span class=\"main-text\">\r\n                                                     <\/span>\r\n\r\n                                    <\/h3>\r\n                    <\/div>\r\n\t\t\t\t\t\t<\/div>\n\t\t\t\t<\/div>\n\t\t\t\t<div class=\"elementor-element elementor-element-250a8310 elementor-widget elementor-widget-text-editor\" data-id=\"250a8310\" data-element_type=\"widget\" data-e-type=\"widget\" data-widget_type=\"text-editor.default\">\n\t\t\t\t<div class=\"elementor-widget-container\">\n\t\t\t\t\t\t\t\t\t<div class=\"elementor-element elementor-element-def8f38 elementor-widget elementor-widget-text-editor\" data-id=\"def8f38\" data-element_type=\"widget\" data-widget_type=\"text-editor.default\"><div class=\"elementor-widget-container\"><p>Muti Etiket is a well-established label company serving international textile brands. Our company, which stands out with its quality, speed, and design power, has become a symbol of trust and sustainable business partnership in the sector.<\/p><p>With our wide product range, including hang tags, wash care labels, rubber labels, stickers, printed labels, box labels, and woven labels, we perfectly meet all our customers' needs. From order to delivery, at every stage, we offer the highest quality standards with our accumulated knowledge and industry-specific experience.<\/p><p>We closely understand the dynamics and challenges of the sector; we establish long-term collaborations by offering solutions that meet, and even exceed, our customers' expectations. With our distinctive approach to design, we produce products that accurately reflect the identity of every brand.<\/p><p>As Muti Etiket; we continue to grow on the foundation of trust, quality, and sustainability, and to add value to the global players of the textile sector.<\/p><\/div><\/div>\t\t\t\t\t\t\t\t<\/div>\n\t\t\t\t<\/div>\n\t\t\t\t<\/div>\n\t\t\t\t\t<\/div>\n\t\t\t\t<\/div>\n\t\t<div class=\"elementor-element elementor-element-1b8d912 e-flex e-con-boxed e-con e-parent\" data-id=\"1b8d912\" data-element_type=\"container\" data-e-type=\"container\" data-settings=\"{&quot;background_background&quot;:&quot;classic&quot;}\">\n\t\t\t\t\t<div class=\"e-con-inner\">\n\t\t\t\t<div class=\"elementor-element elementor-element-bfd239e elementor-widget elementor-widget-image-gallery\" data-id=\"bfd239e\" data-element_type=\"widget\" data-e-type=\"widget\" data-widget_type=\"image-gallery.default\">\n\t\t\t\t<div class=\"elementor-widget-container\">\n\t\t\t\t\t\t\t<div class=\"elementor-image-gallery\">\n\t\t\t<div id='gallery-1' class='gallery galleryid-6259 gallery-columns-6 gallery-size-medium_large'><figure class='gallery-item'>\n\t\t\t<div class='gallery-icon portrait'>\n\t\t\t\t<a data-elementor-open-lightbox=\"yes\" data-elementor-lightbox-slideshow=\"bfd239e\" data-elementor-lightbox-title=\"Muti Etiket \u00dcretim (1)\" data-e-action-hash=\"#elementor-action%3Aaction%3Dlightbox%26settings%3DeyJpZCI6NzIxNCwidXJsIjoiaHR0cHM6XC9cL211dGlldGlrZXQuY29tXC93cC1jb250ZW50XC91cGxvYWRzXC8yMDI1XC8wN1wvTXV0aS1FdGlrZXQtVXJldGltLTEucG5nIiwic2xpZGVzaG93IjoiYmZkMjM5ZSJ9\" href='https:\/\/mutietiket.com\/wp-content\/uploads\/2025\/07\/Muti-Etiket-Uretim-1.png'><img decoding=\"async\" width=\"750\" height=\"1000\" src=\"https:\/\/mutietiket.com\/wp-content\/uploads\/2025\/07\/Muti-Etiket-Uretim-1.png\" class=\"attachment-medium_large size-medium_large\" alt=\"\" srcset=\"https:\/\/mutietiket.com\/wp-content\/uploads\/2025\/07\/Muti-Etiket-Uretim-1.png 750w, https:\/\/mutietiket.com\/wp-content\/uploads\/2025\/07\/Muti-Etiket-Uretim-1-225x300.png 225w\" sizes=\"(max-width: 750px) 100vw, 750px\" \/><\/a>\n\t\t\t<\/div><\/figure><figure class='gallery-item'>\n\t\t\t<div class='gallery-icon portrait'>\n\t\t\t\t<a data-elementor-open-lightbox=\"yes\" data-elementor-lightbox-slideshow=\"bfd239e\" data-elementor-lightbox-title=\"Muti Etiket \u00dcretim (2)\" data-e-action-hash=\"#elementor-action%3Aaction%3Dlightbox%26settings%3DeyJpZCI6NzIyMCwidXJsIjoiaHR0cHM6XC9cL211dGlldGlrZXQuY29tXC93cC1jb250ZW50XC91cGxvYWRzXC8yMDI1XC8wN1wvTXV0aS1FdGlrZXQtVXJldGltLTItMS5wbmciLCJzbGlkZXNob3ciOiJiZmQyMzllIn0%3D\" href='https:\/\/mutietiket.com\/wp-content\/uploads\/2025\/07\/Muti-Etiket-Uretim-2-1.png'><img decoding=\"async\" width=\"750\" height=\"1000\" src=\"https:\/\/mutietiket.com\/wp-content\/uploads\/2025\/07\/Muti-Etiket-Uretim-2-1.png\" class=\"attachment-medium_large size-medium_large\" alt=\"\" srcset=\"https:\/\/mutietiket.com\/wp-content\/uploads\/2025\/07\/Muti-Etiket-Uretim-2-1.png 750w, https:\/\/mutietiket.com\/wp-content\/uploads\/2025\/07\/Muti-Etiket-Uretim-2-1-225x300.png 225w\" sizes=\"(max-width: 750px) 100vw, 750px\" \/><\/a>\n\t\t\t<\/div><\/figure><figure class='gallery-item'>\n\t\t\t<div class='gallery-icon portrait'>\n\t\t\t\t<a data-elementor-open-lightbox=\"yes\" data-elementor-lightbox-slideshow=\"bfd239e\" data-elementor-lightbox-title=\"Muti Etiket \u00dcretim (3)\" data-e-action-hash=\"#elementor-action%3Aaction%3Dlightbox%26settings%3DeyJpZCI6NzIxNiwidXJsIjoiaHR0cHM6XC9cL211dGlldGlrZXQuY29tXC93cC1jb250ZW50XC91cGxvYWRzXC8yMDI1XC8wN1wvTXV0aS1FdGlrZXQtVXJldGltLTMucG5nIiwic2xpZGVzaG93IjoiYmZkMjM5ZSJ9\" href='https:\/\/mutietiket.com\/wp-content\/uploads\/2025\/07\/Muti-Etiket-Uretim-3.png'><img loading=\"lazy\" decoding=\"async\" width=\"750\" height=\"1000\" src=\"https:\/\/mutietiket.com\/wp-content\/uploads\/2025\/07\/Muti-Etiket-Uretim-3.png\" class=\"attachment-medium_large size-medium_large\" alt=\"\" srcset=\"https:\/\/mutietiket.com\/wp-content\/uploads\/2025\/07\/Muti-Etiket-Uretim-3.png 750w, https:\/\/mutietiket.com\/wp-content\/uploads\/2025\/07\/Muti-Etiket-Uretim-3-225x300.png 225w\" sizes=\"(max-width: 750px) 100vw, 750px\" \/><\/a>\n\t\t\t<\/div><\/figure><figure class='gallery-item'>\n\t\t\t<div class='gallery-icon portrait'>\n\t\t\t\t<a data-elementor-open-lightbox=\"yes\" data-elementor-lightbox-slideshow=\"bfd239e\" data-elementor-lightbox-title=\"Muti Etiket \u00dcretim (4)\" data-e-action-hash=\"#elementor-action%3Aaction%3Dlightbox%26settings%3DeyJpZCI6NzIxNywidXJsIjoiaHR0cHM6XC9cL211dGlldGlrZXQuY29tXC93cC1jb250ZW50XC91cGxvYWRzXC8yMDI1XC8wN1wvTXV0aS1FdGlrZXQtVXJldGltLTQucG5nIiwic2xpZGVzaG93IjoiYmZkMjM5ZSJ9\" href='https:\/\/mutietiket.com\/wp-content\/uploads\/2025\/07\/Muti-Etiket-Uretim-4.png'><img loading=\"lazy\" decoding=\"async\" width=\"750\" height=\"1000\" src=\"https:\/\/mutietiket.com\/wp-content\/uploads\/2025\/07\/Muti-Etiket-Uretim-4.png\" class=\"attachment-medium_large size-medium_large\" alt=\"\" srcset=\"https:\/\/mutietiket.com\/wp-content\/uploads\/2025\/07\/Muti-Etiket-Uretim-4.png 750w, https:\/\/mutietiket.com\/wp-content\/uploads\/2025\/07\/Muti-Etiket-Uretim-4-225x300.png 225w\" sizes=\"(max-width: 750px) 100vw, 750px\" \/><\/a>\n\t\t\t<\/div><\/figure><figure class='gallery-item'>\n\t\t\t<div class='gallery-icon portrait'>\n\t\t\t\t<a data-elementor-open-lightbox=\"yes\" data-elementor-lightbox-slideshow=\"bfd239e\" data-elementor-lightbox-title=\"Muti Etiket \u00dcretim (6)\" data-e-action-hash=\"#elementor-action%3Aaction%3Dlightbox%26settings%3DeyJpZCI6NzIxOSwidXJsIjoiaHR0cHM6XC9cL211dGlldGlrZXQuY29tXC93cC1jb250ZW50XC91cGxvYWRzXC8yMDI1XC8wN1wvTXV0aS1FdGlrZXQtVXJldGltLTYucG5nIiwic2xpZGVzaG93IjoiYmZkMjM5ZSJ9\" href='https:\/\/mutietiket.com\/wp-content\/uploads\/2025\/07\/Muti-Etiket-Uretim-6.png'><img loading=\"lazy\" decoding=\"async\" width=\"750\" height=\"1000\" src=\"https:\/\/mutietiket.com\/wp-content\/uploads\/2025\/07\/Muti-Etiket-Uretim-6.png\" class=\"attachment-medium_large size-medium_large\" alt=\"\" srcset=\"https:\/\/mutietiket.com\/wp-content\/uploads\/2025\/07\/Muti-Etiket-Uretim-6.png 750w, https:\/\/mutietiket.com\/wp-content\/uploads\/2025\/07\/Muti-Etiket-Uretim-6-225x300.png 225w\" sizes=\"(max-width: 750px) 100vw, 750px\" \/><\/a>\n\t\t\t<\/div><\/figure><figure class='gallery-item'>\n\t\t\t<div class='gallery-icon portrait'>\n\t\t\t\t<a data-elementor-open-lightbox=\"yes\" data-elementor-lightbox-slideshow=\"bfd239e\" data-elementor-lightbox-title=\"Muti Etiket \u00dcretim (5)\" data-e-action-hash=\"#elementor-action%3Aaction%3Dlightbox%26settings%3DeyJpZCI6NzIxOCwidXJsIjoiaHR0cHM6XC9cL211dGlldGlrZXQuY29tXC93cC1jb250ZW50XC91cGxvYWRzXC8yMDI1XC8wN1wvTXV0aS1FdGlrZXQtVXJldGltLTUucG5nIiwic2xpZGVzaG93IjoiYmZkMjM5ZSJ9\" href='https:\/\/mutietiket.com\/wp-content\/uploads\/2025\/07\/Muti-Etiket-Uretim-5.png'><img loading=\"lazy\" decoding=\"async\" width=\"750\" height=\"1000\" src=\"https:\/\/mutietiket.com\/wp-content\/uploads\/2025\/07\/Muti-Etiket-Uretim-5.png\" class=\"attachment-medium_large size-medium_large\" alt=\"\" srcset=\"https:\/\/mutietiket.com\/wp-content\/uploads\/2025\/07\/Muti-Etiket-Uretim-5.png 750w, https:\/\/mutietiket.com\/wp-content\/uploads\/2025\/07\/Muti-Etiket-Uretim-5-225x300.png 225w\" sizes=\"(max-width: 750px) 100vw, 750px\" \/><\/a>\n\t\t\t<\/div><\/figure>\n\t\t<\/div>\n\t\t<\/div>\n\t\t\t\t\t\t<\/div>\n\t\t\t\t<\/div>\n\t\t\t\t\t<\/div>\n\t\t\t\t<\/div>\n\t\t\t\t<\/div>","protected":false},"excerpt":{"rendered":"<p>Hakk\u0131m\u0131zda Hakk\u0131m\u0131zda Muti Etiket, uluslararas\u0131 tekstil markalar\u0131na hizmet veren k\u00f6kl\u00fc bir etiket firmas\u0131d\u0131r. Kalite, h\u0131z ve tasar\u0131m g\u00fcc\u00fcyle \u00f6ne \u00e7\u0131kan firmam\u0131z, sekt\u00f6rde g\u00fcvenin ve s\u00fcrd\u00fcr\u00fclebilir i\u015f ortakl\u0131\u011f\u0131n\u0131n simgesi haline gelmi\u015ftir. Sallant\u0131 kart\u0131, y\u0131kama talimat\u0131, kau\u00e7uk etiket, sticker, bask\u0131l\u0131 etiket, kutu ve dokuma etiket gibi geni\u015f \u00fcr\u00fcn yelpazemizle m\u00fc\u015fterilerimizin t\u00fcm ihtiya\u00e7lar\u0131na eksiksiz \u015fekilde yan\u0131t veriyoruz. Sipari\u015ften [&hellip;]<\/p>\n","protected":false},"author":1,"featured_media":0,"parent":0,"menu_order":0,"comment_status":"closed","ping_status":"closed","template":"","meta":{"_joinchat":[],"footnotes":""},"class_list":["post-6259","page","type-page","status-publish","hentry"],"_links":{"self":[{"href":"https:\/\/mutietiket.com\/en\/wp-json\/wp\/v2\/pages\/6259","targetHints":{"allow":["GET"]}}],"collection":[{"href":"https:\/\/mutietiket.com\/en\/wp-json\/wp\/v2\/pages"}],"about":[{"href":"https:\/\/mutietiket.com\/en\/wp-json\/wp\/v2\/types\/page"}],"author":[{"embeddable":true,"href":"https:\/\/mutietiket.com\/en\/wp-json\/wp\/v2\/users\/1"}],"replies":[{"embeddable":true,"href":"https:\/\/mutietiket.com\/en\/wp-json\/wp\/v2\/comments?post=6259"}],"version-history":[{"count":85,"href":"https:\/\/mutietiket.com\/en\/wp-json\/wp\/v2\/pages\/6259\/revisions"}],"predecessor-version":[{"id":7440,"href":"https:\/\/mutietiket.com\/en\/wp-json\/wp\/v2\/pages\/6259\/revisions\/7440"}],"wp:attachment":[{"href":"https:\/\/mutietiket.com\/en\/wp-json\/wp\/v2\/media?parent=6259"}],"curies":[{"name":"wp","href":"https:\/\/api.w.org\/{rel}","templated":true}]}}