{"id":6285,"date":"2025-07-04T21:41:51","date_gmt":"2025-07-04T21:41:51","guid":{"rendered":"https:\/\/mutietiket.com\/?page_id=6285"},"modified":"2025-10-20T20:29:13","modified_gmt":"2025-10-20T20:29:13","slug":"belgelerimiz","status":"publish","type":"page","link":"https:\/\/mutietiket.com\/en\/belgelerimiz\/","title":{"rendered":"Our Documents"},"content":{"rendered":"<div data-elementor-type=\"wp-page\" data-elementor-id=\"6285\" class=\"elementor elementor-6285\" data-elementor-post-type=\"page\">\n\t\t\t\t<div class=\"elementor-element elementor-element-66c4e08 e-con-full e-flex e-con e-parent\" data-id=\"66c4e08\" data-element_type=\"container\" data-e-type=\"container\">\n\t\t\t\t<div class=\"elementor-element elementor-element-e3f63be elementor-widget elementor-widget-heading\" data-id=\"e3f63be\" data-element_type=\"widget\" data-e-type=\"widget\" data-widget_type=\"heading.default\">\n\t\t\t\t<div class=\"elementor-widget-container\">\n\t\t\t\t\t<h3 class=\"elementor-heading-title elementor-size-default\">Our Documents<\/h3>\t\t\t\t<\/div>\n\t\t\t\t<\/div>\n\t\t\t\t<\/div>\n\t\t<div class=\"elementor-element elementor-element-e70cd10 e-flex e-con-boxed e-con e-parent\" data-id=\"e70cd10\" data-element_type=\"container\" data-e-type=\"container\" data-settings=\"{&quot;background_background&quot;:&quot;classic&quot;}\">\n\t\t\t\t\t<div class=\"e-con-inner\">\n\t\t<div class=\"elementor-element elementor-element-8942481 e-con-full e-flex e-con e-child\" data-id=\"8942481\" data-element_type=\"container\" data-e-type=\"container\">\n\t\t\t\t<div class=\"elementor-element elementor-element-005ab14 elementor-widget elementor-widget-image-gallery\" data-id=\"005ab14\" data-element_type=\"widget\" data-e-type=\"widget\" data-widget_type=\"image-gallery.default\">\n\t\t\t\t<div class=\"elementor-widget-container\">\n\t\t\t\t\t\t\t<div class=\"elementor-image-gallery\">\n\t\t\t<div id='gallery-1' class='gallery galleryid-6285 gallery-columns-1 gallery-size-full'><figure class='gallery-item'>\n\t\t\t<div class='gallery-icon portrait'>\n\t\t\t\t<a data-elementor-open-lightbox=\"yes\" data-elementor-lightbox-slideshow=\"005ab14\" data-elementor-lightbox-title=\"FSC\" data-e-action-hash=\"#elementor-action%3Aaction%3Dlightbox%26settings%3DeyJpZCI6NzMyMiwidXJsIjoiaHR0cHM6XC9cL211dGlldGlrZXQuY29tXC93cC1jb250ZW50XC91cGxvYWRzXC8yMDI1XC8wN1wvRlNDLmpwZyIsInNsaWRlc2hvdyI6IjAwNWFiMTQifQ%3D%3D\" href='https:\/\/mutietiket.com\/wp-content\/uploads\/2025\/07\/FSC.jpg'><img fetchpriority=\"high\" decoding=\"async\" width=\"788\" height=\"1117\" src=\"https:\/\/mutietiket.com\/wp-content\/uploads\/2025\/07\/FSC.jpg\" class=\"attachment-full size-full\" alt=\"\" srcset=\"https:\/\/mutietiket.com\/wp-content\/uploads\/2025\/07\/FSC.jpg 788w, https:\/\/mutietiket.com\/wp-content\/uploads\/2025\/07\/FSC-212x300.jpg 212w, https:\/\/mutietiket.com\/wp-content\/uploads\/2025\/07\/FSC-722x1024.jpg 722w, https:\/\/mutietiket.com\/wp-content\/uploads\/2025\/07\/FSC-768x1089.jpg 768w\" sizes=\"(max-width: 788px) 100vw, 788px\" \/><\/a>\n\t\t\t<\/div><\/figure>\n\t\t<\/div>\n\t\t<\/div>\n\t\t\t\t\t\t<\/div>\n\t\t\t\t<\/div>\n\t\t\t\t<div class=\"elementor-element elementor-element-4c2b133 elementor-widget elementor-widget-convis-button\" data-id=\"4c2b133\" data-element_type=\"widget\" data-e-type=\"widget\" data-widget_type=\"convis-button.default\">\n\t\t\t\t<div class=\"elementor-widget-container\">\n\t\t\t\t\t        <div class=\"convis-button-wrapper\">\r\n            <a class=\"convis-button  hover-normal\" href=\"http:\/\/mutietiket.com\/wp-content\/uploads\/2025\/07\/Certificate-FSC.pdf\" target=\"_blank\">\r\n\t\t\t\t<span class=\"button-text\">\r\n\t\t\t\t\tDownload PDF        \t\t<\/span>\r\n\t\t\t\t            <\/a>\r\n        <\/div>\r\n\t\t\t\t\t\t<\/div>\n\t\t\t\t<\/div>\n\t\t\t\t<\/div>\n\t\t<div class=\"elementor-element elementor-element-16de4e5 e-con-full e-flex e-con e-child\" data-id=\"16de4e5\" data-element_type=\"container\" data-e-type=\"container\">\n\t\t\t\t<div class=\"elementor-element elementor-element-0a5768b elementor-widget elementor-widget-text-editor\" data-id=\"0a5768b\" data-element_type=\"widget\" data-e-type=\"widget\" data-widget_type=\"text-editor.default\">\n\t\t\t\t<div class=\"elementor-widget-container\">\n\t\t\t\t\t\t\t\t\t<h3 data-start=\"206\" data-end=\"246\">FSC\u2122 (Forest Stewardship Council)<\/h3><p data-start=\"248\" data-end=\"572\"><strong data-start=\"248\" data-end=\"280\">FSC\u2122 \u2013 Forest Stewardship Council<\/strong>, an international non-profit organization that supports responsible forestry. FSC promotes environmentally, socially, and economically sustainable forest management. Through the certification process carried out worldwide, it guarantees that forests are managed according to the highest standards.<\/p><p data-start=\"574\" data-end=\"883\">The FSC system, <strong data-start=\"587\" data-end=\"631\">Chain of Custody (CoC)<\/strong> through its certificate, makes the entire process traceable from the forest to the end-user. Businesses holding this certificate can document that their products come from responsible sources by using the FSC logo and trademark license code.<\/p><p data-start=\"885\" data-end=\"1006\"><strong data-start=\"885\" data-end=\"910\">MUTI Label &amp; Packaging<\/strong>, FSC\u2122 sertifikal\u0131 ka\u011f\u0131t \u00fcr\u00fcnleri sunmakta ve \u00e7evreye duyarl\u0131 \u00fcretim anlay\u0131\u015f\u0131n\u0131 benimsemektedir.<\/p><div id=\"gtx-trans\" style=\"position: absolute; left: 327px; top: 86px;\"><div class=\"gtx-trans-icon\">\u00a0<\/div><\/div>\t\t\t\t\t\t\t\t<\/div>\n\t\t\t\t<\/div>\n\t\t\t\t<\/div>\n\t\t\t\t\t<\/div>\n\t\t\t\t<\/div>\n\t\t<div class=\"elementor-element elementor-element-b5694ad e-flex e-con-boxed e-con e-parent\" data-id=\"b5694ad\" data-element_type=\"container\" data-e-type=\"container\" data-settings=\"{&quot;background_background&quot;:&quot;classic&quot;}\">\n\t\t\t\t\t<div class=\"e-con-inner\">\n\t\t<div class=\"elementor-element elementor-element-29578ec e-con-full e-flex e-con e-child\" data-id=\"29578ec\" data-element_type=\"container\" data-e-type=\"container\">\n\t\t\t\t<div class=\"elementor-element elementor-element-93a0be1 elementor-widget elementor-widget-image\" data-id=\"93a0be1\" data-element_type=\"widget\" data-e-type=\"widget\" data-widget_type=\"image.default\">\n\t\t\t\t<div class=\"elementor-widget-container\">\n\t\t\t\t\t\t\t\t\t\t\t\t<figure class=\"wp-caption\">\n\t\t\t\t\t\t\t\t\t\t\t<a href=\"https:\/\/mutietiket.com\/wp-content\/uploads\/2025\/10\/OEKO.jpg\" data-elementor-open-lightbox=\"yes\" data-elementor-lightbox-title=\"OEKO\" data-e-action-hash=\"#elementor-action%3Aaction%3Dlightbox%26settings%3DeyJpZCI6NzU1OSwidXJsIjoiaHR0cHM6XC9cL211dGlldGlrZXQuY29tXC93cC1jb250ZW50XC91cGxvYWRzXC8yMDI1XC8xMFwvT0VLTy5qcGcifQ%3D%3D\">\n\t\t\t\t\t\t\t<img decoding=\"async\" width=\"714\" height=\"1024\" src=\"https:\/\/mutietiket.com\/wp-content\/uploads\/2025\/10\/OEKO-714x1024.jpg\" class=\"attachment-large size-large wp-image-7559\" alt=\"\" srcset=\"https:\/\/mutietiket.com\/wp-content\/uploads\/2025\/10\/OEKO-714x1024.jpg 714w, https:\/\/mutietiket.com\/wp-content\/uploads\/2025\/10\/OEKO-209x300.jpg 209w, https:\/\/mutietiket.com\/wp-content\/uploads\/2025\/10\/OEKO-768x1102.jpg 768w, https:\/\/mutietiket.com\/wp-content\/uploads\/2025\/10\/OEKO-8x12.jpg 8w, https:\/\/mutietiket.com\/wp-content\/uploads\/2025\/10\/OEKO.jpg 775w\" sizes=\"(max-width: 714px) 100vw, 714px\" \/>\t\t\t\t\t\t\t\t<\/a>\n\t\t\t\t\t\t\t\t\t\t\t<figcaption class=\"widget-image-caption wp-caption-text\"><\/figcaption>\n\t\t\t\t\t\t\t\t\t\t<\/figure>\n\t\t\t\t\t\t\t\t\t<\/div>\n\t\t\t\t<\/div>\n\t\t\t\t<div class=\"elementor-element elementor-element-08e6dc3 elementor-widget elementor-widget-convis-button\" data-id=\"08e6dc3\" data-element_type=\"widget\" data-e-type=\"widget\" data-widget_type=\"convis-button.default\">\n\t\t\t\t<div class=\"elementor-widget-container\">\n\t\t\t\t\t        <div class=\"convis-button-wrapper\">\r\n            <a class=\"convis-button  hover-normal\" href=\"https:\/\/mutietiket.com\/wp-content\/uploads\/2025\/10\/EKOTEKS-BELGESI.pdf\" target=\"_blank\">\r\n\t\t\t\t<span class=\"button-text\">\r\n\t\t\t\t\tDownload PDF        \t\t<\/span>\r\n\t\t\t\t            <\/a>\r\n        <\/div>\r\n\t\t\t\t\t\t<\/div>\n\t\t\t\t<\/div>\n\t\t\t\t<\/div>\n\t\t<div class=\"elementor-element elementor-element-7aad718 e-con-full e-flex e-con e-child\" data-id=\"7aad718\" data-element_type=\"container\" data-e-type=\"container\">\n\t\t\t\t<div class=\"elementor-element elementor-element-85fa3cd elementor-widget elementor-widget-text-editor\" data-id=\"85fa3cd\" data-element_type=\"widget\" data-e-type=\"widget\" data-widget_type=\"text-editor.default\">\n\t\t\t\t<div class=\"elementor-widget-container\">\n\t\t\t\t\t\t\t\t\t<h3 data-start=\"1839\" data-end=\"1869\">OEKO-TEX\u00ae STANDARD 100<\/h3><p data-start=\"1871\" data-end=\"2074\"><strong data-start=\"1871\" data-end=\"1897\">OEKO-TEX\u00ae STANDARD 100<\/strong>, is an independent and globally recognized testing and certification system that, since 1992, has confirmed that textile products are harmless to human health at every stage.<\/p><p data-start=\"2076\" data-end=\"2252\">This standard, <strong data-start=\"2089\" data-end=\"2098\">REACH<\/strong> and <strong data-start=\"2102\" data-end=\"2111\">CPSIA<\/strong> While taking legal regulations such as [previous text would fit here, e.g., REACH, RoHS, etc.] as a basis, it also relies on a detailed checklist covering many harmful substances that are not subject to regulation.<\/p><p data-start=\"2254\" data-end=\"2503\"><strong data-start=\"2254\" data-end=\"2279\">MUTI Label &amp; Packaging<\/strong>, offers OEKO-TEX\u00ae certified products in both its own factories and the production facilities of its collaborating suppliers. This way, it provides its customers with safe textile solutions free from harmful substances.<\/p>\t\t\t\t\t\t\t\t<\/div>\n\t\t\t\t<\/div>\n\t\t\t\t<\/div>\n\t\t\t\t\t<\/div>\n\t\t\t\t<\/div>\n\t\t\t\t<\/div>","protected":false},"excerpt":{"rendered":"<p>Belgelerimiz PDF \u0130ndir FSC\u2122 (Forest Stewardship Council) FSC\u2122 \u2013 Orman Y\u00f6netim Konseyi, sorumlu ormanc\u0131l\u0131\u011f\u0131 destekleyen, uluslararas\u0131 ve k\u00e2r amac\u0131 g\u00fctmeyen bir kurulu\u015ftur. FSC, \u00e7evresel, sosyal ve ekonomik a\u00e7\u0131dan s\u00fcrd\u00fcr\u00fclebilir orman y\u00f6netimini te\u015fvik eder. T\u00fcm d\u00fcnyada y\u00fcr\u00fct\u00fclen sertifikasyon s\u00fcreciyle, ormanlar\u0131n en y\u00fcksek standartlara g\u00f6re y\u00f6netildi\u011fini garanti alt\u0131na al\u0131r. FSC sistemi, G\u00f6zetim Zinciri (Chain of Custody \u2013 [&hellip;]<\/p>\n","protected":false},"author":1,"featured_media":0,"parent":0,"menu_order":0,"comment_status":"closed","ping_status":"closed","template":"","meta":{"_joinchat":[],"footnotes":""},"class_list":["post-6285","page","type-page","status-publish","hentry"],"_links":{"self":[{"href":"https:\/\/mutietiket.com\/en\/wp-json\/wp\/v2\/pages\/6285","targetHints":{"allow":["GET"]}}],"collection":[{"href":"https:\/\/mutietiket.com\/en\/wp-json\/wp\/v2\/pages"}],"about":[{"href":"https:\/\/mutietiket.com\/en\/wp-json\/wp\/v2\/types\/page"}],"author":[{"embeddable":true,"href":"https:\/\/mutietiket.com\/en\/wp-json\/wp\/v2\/users\/1"}],"replies":[{"embeddable":true,"href":"https:\/\/mutietiket.com\/en\/wp-json\/wp\/v2\/comments?post=6285"}],"version-history":[{"count":49,"href":"https:\/\/mutietiket.com\/en\/wp-json\/wp\/v2\/pages\/6285\/revisions"}],"predecessor-version":[{"id":7569,"href":"https:\/\/mutietiket.com\/en\/wp-json\/wp\/v2\/pages\/6285\/revisions\/7569"}],"wp:attachment":[{"href":"https:\/\/mutietiket.com\/en\/wp-json\/wp\/v2\/media?parent=6285"}],"curies":[{"name":"wp","href":"https:\/\/api.w.org\/{rel}","templated":true}]}}