{"id":6304,"date":"2025-07-04T22:16:43","date_gmt":"2025-07-04T22:16:43","guid":{"rendered":"https:\/\/mutietiket.com\/?page_id=6304"},"modified":"2025-07-13T18:23:30","modified_gmt":"2025-07-13T18:23:30","slug":"lojistik","status":"publish","type":"page","link":"https:\/\/mutietiket.com\/en\/lojistik\/","title":{"rendered":"Logistics"},"content":{"rendered":"<div data-elementor-type=\"wp-page\" data-elementor-id=\"6304\" class=\"elementor elementor-6304\" data-elementor-post-type=\"page\">\n\t\t\t\t<div class=\"elementor-element elementor-element-66c4e08 e-con-full e-flex e-con e-parent\" data-id=\"66c4e08\" data-element_type=\"container\" data-e-type=\"container\">\n\t\t\t\t<div class=\"elementor-element elementor-element-e3f63be elementor-widget elementor-widget-heading\" data-id=\"e3f63be\" data-element_type=\"widget\" data-e-type=\"widget\" data-widget_type=\"heading.default\">\n\t\t\t\t<div class=\"elementor-widget-container\">\n\t\t\t\t\t<h3 class=\"elementor-heading-title elementor-size-default\">Logistics<\/h3>\t\t\t\t<\/div>\n\t\t\t\t<\/div>\n\t\t\t\t<\/div>\n\t\t<div class=\"elementor-element elementor-element-72bcf8d2 e-flex e-con-boxed e-con e-parent\" data-id=\"72bcf8d2\" data-element_type=\"container\" data-e-type=\"container\" data-settings=\"{&quot;background_background&quot;:&quot;classic&quot;}\">\n\t\t\t\t\t<div class=\"e-con-inner\">\n\t\t<div class=\"elementor-element elementor-element-455c4754 e-con-full e-flex e-con e-child\" data-id=\"455c4754\" data-element_type=\"container\" data-e-type=\"container\">\n\t\t\t\t<div class=\"elementor-element elementor-element-de6a6eb elementor-widget elementor-widget-image\" data-id=\"de6a6eb\" data-element_type=\"widget\" data-e-type=\"widget\" data-widget_type=\"image.default\">\n\t\t\t\t<div class=\"elementor-widget-container\">\n\t\t\t\t\t\t\t\t\t\t\t\t\t\t\t<img fetchpriority=\"high\" decoding=\"async\" width=\"850\" height=\"850\" src=\"https:\/\/mutietiket.com\/wp-content\/uploads\/2025\/07\/lojistik.jpg\" class=\"attachment-large size-large wp-image-7344\" alt=\"\" srcset=\"https:\/\/mutietiket.com\/wp-content\/uploads\/2025\/07\/lojistik.jpg 1024w, https:\/\/mutietiket.com\/wp-content\/uploads\/2025\/07\/lojistik-300x300.jpg 300w, https:\/\/mutietiket.com\/wp-content\/uploads\/2025\/07\/lojistik-150x150.jpg 150w, https:\/\/mutietiket.com\/wp-content\/uploads\/2025\/07\/lojistik-768x768.jpg 768w, https:\/\/mutietiket.com\/wp-content\/uploads\/2025\/07\/lojistik-420x420.jpg 420w\" sizes=\"(max-width: 850px) 100vw, 850px\" \/>\t\t\t\t\t\t\t\t\t\t\t\t\t\t\t<\/div>\n\t\t\t\t<\/div>\n\t\t\t\t<\/div>\n\t\t<div class=\"elementor-element elementor-element-1a3bcc66 e-con-full e-flex e-con e-child\" data-id=\"1a3bcc66\" data-element_type=\"container\" data-e-type=\"container\">\n\t\t\t\t<div class=\"elementor-element elementor-element-2200be2f elementor-widget elementor-widget-elementskit-heading\" data-id=\"2200be2f\" data-element_type=\"widget\" data-e-type=\"widget\" data-widget_type=\"elementskit-heading.default\">\n\t\t\t\t<div class=\"elementor-widget-container\">\n\t\t\t\t\t<div class=\"ekit-wid-con\" ><div class=\"ekit-heading elementskit-section-title-wraper text_left   ekit_heading_tablet-   ekit_heading_mobile-\"><h3 class=\"elementskit-section-subtitle\">\n\t\t\t\t\t\tGlobal Brand Chains\n\t\t\t\t\t<\/h3><h2 class=\"ekit-heading--title elementskit-section-title\">We Provide Fast, Reliable and Strong Supply.<\/h2><\/div><\/div>\t\t\t\t<\/div>\n\t\t\t\t<\/div>\n\t\t\t\t<div class=\"elementor-element elementor-element-5c9f99b elementor-widget elementor-widget-text-editor\" data-id=\"5c9f99b\" data-element_type=\"widget\" data-e-type=\"widget\" data-widget_type=\"text-editor.default\">\n\t\t\t\t<div class=\"elementor-widget-container\">\n\t\t\t\t\t\t\t\t\t<p>As Muti Etiket, we are;\nA reliable label and packaging supplier for companies operating in Turkey and producing for global brands.<\/p><p>We design our products according to our customers' special needs and deliver them quickly and completely with our strong logistics infrastructure.<\/p><p>The entire process from order to delivery;\nIt is managed with the principles of fast action, quality packaging, and professional transportation.<\/p><p>We provide support to production centers throughout Turkey with our daily shipment capacity.\nFurthermore, thanks to international shipping, we offer secure and on-time delivery for export-oriented projects.<\/p><p>Every product is delivered completely and on time.<\/p>\t\t\t\t\t\t\t\t<\/div>\n\t\t\t\t<\/div>\n\t\t\t\t<\/div>\n\t\t\t\t\t<\/div>\n\t\t\t\t<\/div>\n\t\t\t\t<\/div>","protected":false},"excerpt":{"rendered":"<p>Lojistik Global Marka Zincirlerine\u200b H\u0131zl\u0131, G\u00fcvenilir ve G\u00fc\u00e7l\u00fc Tedarik Sa\u011fl\u0131yoruz. Muti Etiket olarak biz; T\u00fcrkiye&#8217;de faaliyet g\u00f6steren ve d\u00fcnya markalar\u0131na \u00fcretim yapan firmalar\u0131n g\u00fcvenilir etiket ve ambalaj tedarik\u00e7isiyiz. \u00dcr\u00fcnlerimizi, m\u00fc\u015fterilerimizin \u00f6zel ihtiya\u00e7lar\u0131na g\u00f6re tasarl\u0131yor, g\u00fc\u00e7l\u00fc lojistik altyap\u0131m\u0131zla h\u0131zl\u0131 ve eksiksiz \u015fekilde teslim ediyoruz. Sipari\u015ftan teslimata kadar t\u00fcm s\u00fcre\u00e7; H\u0131zl\u0131 aksiyon, Kaliteli ambalaj, Profesyonel ta\u015f\u0131ma ilkeleriyle [&hellip;]<\/p>\n","protected":false},"author":1,"featured_media":0,"parent":0,"menu_order":0,"comment_status":"closed","ping_status":"closed","template":"","meta":{"_joinchat":[],"footnotes":""},"class_list":["post-6304","page","type-page","status-publish","hentry"],"_links":{"self":[{"href":"https:\/\/mutietiket.com\/en\/wp-json\/wp\/v2\/pages\/6304","targetHints":{"allow":["GET"]}}],"collection":[{"href":"https:\/\/mutietiket.com\/en\/wp-json\/wp\/v2\/pages"}],"about":[{"href":"https:\/\/mutietiket.com\/en\/wp-json\/wp\/v2\/types\/page"}],"author":[{"embeddable":true,"href":"https:\/\/mutietiket.com\/en\/wp-json\/wp\/v2\/users\/1"}],"replies":[{"embeddable":true,"href":"https:\/\/mutietiket.com\/en\/wp-json\/wp\/v2\/comments?post=6304"}],"version-history":[{"count":46,"href":"https:\/\/mutietiket.com\/en\/wp-json\/wp\/v2\/pages\/6304\/revisions"}],"predecessor-version":[{"id":7450,"href":"https:\/\/mutietiket.com\/en\/wp-json\/wp\/v2\/pages\/6304\/revisions\/7450"}],"wp:attachment":[{"href":"https:\/\/mutietiket.com\/en\/wp-json\/wp\/v2\/media?parent=6304"}],"curies":[{"name":"wp","href":"https:\/\/api.w.org\/{rel}","templated":true}]}}