{"id":6668,"date":"2025-07-06T16:28:09","date_gmt":"2025-07-06T16:28:09","guid":{"rendered":"https:\/\/mutietiket.com\/?page_id=6668"},"modified":"2025-08-14T07:47:45","modified_gmt":"2025-08-14T07:47:45","slug":"referanslarimiz","status":"publish","type":"page","link":"https:\/\/mutietiket.com\/en\/referanslarimiz\/","title":{"rendered":"Our References"},"content":{"rendered":"<div data-elementor-type=\"wp-page\" data-elementor-id=\"6668\" class=\"elementor elementor-6668\" data-elementor-post-type=\"page\">\n\t\t\t\t<div class=\"elementor-element elementor-element-66c4e08 e-con-full e-flex e-con e-parent\" data-id=\"66c4e08\" data-element_type=\"container\" data-e-type=\"container\">\n\t\t\t\t<div class=\"elementor-element elementor-element-e3f63be elementor-widget elementor-widget-heading\" data-id=\"e3f63be\" data-element_type=\"widget\" data-e-type=\"widget\" data-widget_type=\"heading.default\">\n\t\t\t\t<div class=\"elementor-widget-container\">\n\t\t\t\t\t<h3 class=\"elementor-heading-title elementor-size-default\">Our References<\/h3>\t\t\t\t<\/div>\n\t\t\t\t<\/div>\n\t\t\t\t<\/div>\n\t\t<div class=\"elementor-element elementor-element-7f6d6780 e-flex e-con-boxed e-con e-parent\" data-id=\"7f6d6780\" data-element_type=\"container\" data-e-type=\"container\" id=\"xs_client_2\" data-settings=\"{&quot;background_background&quot;:&quot;classic&quot;}\">\n\t\t\t\t\t<div class=\"e-con-inner\">\n\t\t\t\t<div class=\"elementor-element elementor-element-4d6a41f1 elementor-widget elementor-widget-elementskit-heading\" data-id=\"4d6a41f1\" data-element_type=\"widget\" data-e-type=\"widget\" data-widget_type=\"elementskit-heading.default\">\n\t\t\t\t<div class=\"elementor-widget-container\">\n\t\t\t\t\t<div class=\"ekit-wid-con\" ><div class=\"ekit-heading elementskit-section-title-wraper center   ekit_heading_tablet-   ekit_heading_mobile-\"><h2 class=\"ekit-heading--title elementskit-section-title\">Brands We Serve<\/h2>\t\t\t\t<div class='ekit-heading__description'>\n\t\t\t\t\t<p><strong>We are proud to offer label and packaging solutions to many domestic and international brands.<\/strong><\/p>\n<div style=\"position: absolute;left: 100px;top: -10px\">\n<div class=\"gtx-trans-icon\">\u00a0<\/div>\n<\/div>\n\t\t\t\t<\/div>\n\t\t\t<\/div><\/div>\t\t\t\t<\/div>\n\t\t\t\t<\/div>\n\t\t<div class=\"elementor-element elementor-element-ef39673 e-grid e-con-full e-con e-child\" data-id=\"ef39673\" data-element_type=\"container\" data-e-type=\"container\">\n\t\t\t\t<div class=\"elementor-element elementor-element-25bc5ed elementor-widget elementor-widget-image\" data-id=\"25bc5ed\" data-element_type=\"widget\" data-e-type=\"widget\" data-settings=\"{&quot;_animation&quot;:&quot;none&quot;}\" data-widget_type=\"image.default\">\n\t\t\t\t<div class=\"elementor-widget-container\">\n\t\t\t\t\t\t\t\t\t\t\t\t\t\t\t<img decoding=\"async\" width=\"150\" height=\"60\" src=\"https:\/\/mutietiket.com\/wp-content\/uploads\/2025\/07\/Erima.png\" class=\"elementor-animation-grow attachment-full size-full wp-image-7032\" alt=\"\" \/>\t\t\t\t\t\t\t\t\t\t\t\t\t\t\t<\/div>\n\t\t\t\t<\/div>\n\t\t\t\t<div class=\"elementor-element elementor-element-779c0ef elementor-widget elementor-widget-image\" data-id=\"779c0ef\" data-element_type=\"widget\" data-e-type=\"widget\" data-settings=\"{&quot;_animation&quot;:&quot;none&quot;}\" data-widget_type=\"image.default\">\n\t\t\t\t<div class=\"elementor-widget-container\">\n\t\t\t\t\t\t\t\t\t\t\t\t\t\t\t<img decoding=\"async\" width=\"150\" height=\"60\" src=\"https:\/\/mutietiket.com\/wp-content\/uploads\/2025\/07\/Celil.png\" class=\"elementor-animation-grow attachment-full size-full wp-image-7031\" alt=\"\" \/>\t\t\t\t\t\t\t\t\t\t\t\t\t\t\t<\/div>\n\t\t\t\t<\/div>\n\t\t\t\t<div class=\"elementor-element elementor-element-6985c1d elementor-widget elementor-widget-image\" data-id=\"6985c1d\" data-element_type=\"widget\" data-e-type=\"widget\" data-settings=\"{&quot;_animation&quot;:&quot;none&quot;}\" data-widget_type=\"image.default\">\n\t\t\t\t<div class=\"elementor-widget-container\">\n\t\t\t\t\t\t\t\t\t\t\t\t\t\t\t<img decoding=\"async\" width=\"150\" height=\"60\" src=\"https:\/\/mutietiket.com\/wp-content\/uploads\/2025\/07\/Street-One.png\" class=\"elementor-animation-grow attachment-full size-full wp-image-7035\" alt=\"\" \/>\t\t\t\t\t\t\t\t\t\t\t\t\t\t\t<\/div>\n\t\t\t\t<\/div>\n\t\t\t\t<\/div>\n\t\t\t\t\t<\/div>\n\t\t\t\t<\/div>\n\t\t\t\t<\/div>","protected":false},"excerpt":{"rendered":"<p>Referanslar\u0131m\u0131z Hizmet Verdi\u011fimiz Markalar Yurt i\u00e7i ve yurt d\u0131\u015f\u0131nda bir\u00e7ok markaya etiket ve ambalaj \u00e7\u00f6z\u00fcmleri sunman\u0131n gururunu ya\u015f\u0131yoruz. \u00a0<\/p>","protected":false},"author":1,"featured_media":0,"parent":0,"menu_order":0,"comment_status":"closed","ping_status":"closed","template":"","meta":{"_joinchat":[],"footnotes":""},"class_list":["post-6668","page","type-page","status-publish","hentry"],"_links":{"self":[{"href":"https:\/\/mutietiket.com\/en\/wp-json\/wp\/v2\/pages\/6668","targetHints":{"allow":["GET"]}}],"collection":[{"href":"https:\/\/mutietiket.com\/en\/wp-json\/wp\/v2\/pages"}],"about":[{"href":"https:\/\/mutietiket.com\/en\/wp-json\/wp\/v2\/types\/page"}],"author":[{"embeddable":true,"href":"https:\/\/mutietiket.com\/en\/wp-json\/wp\/v2\/users\/1"}],"replies":[{"embeddable":true,"href":"https:\/\/mutietiket.com\/en\/wp-json\/wp\/v2\/comments?post=6668"}],"version-history":[{"count":52,"href":"https:\/\/mutietiket.com\/en\/wp-json\/wp\/v2\/pages\/6668\/revisions"}],"predecessor-version":[{"id":7533,"href":"https:\/\/mutietiket.com\/en\/wp-json\/wp\/v2\/pages\/6668\/revisions\/7533"}],"wp:attachment":[{"href":"https:\/\/mutietiket.com\/en\/wp-json\/wp\/v2\/media?parent=6668"}],"curies":[{"name":"wp","href":"https:\/\/api.w.org\/{rel}","templated":true}]}}